{"id":14,"date":"2023-05-07T20:13:20","date_gmt":"2023-05-07T18:13:20","guid":{"rendered":"http:\/\/masaze-jira.cz\/?page_id=14"},"modified":"2026-01-24T20:02:17","modified_gmt":"2026-01-24T19:02:17","slug":"o-nas","status":"publish","type":"page","link":"https:\/\/masaze-jira.cz\/?page_id=14","title":{"rendered":"CENA"},"content":{"rendered":"\n<div class=\"wp-block-cover alignfull\" style=\"min-height:962px;aspect-ratio:unset;\"><img loading=\"lazy\" decoding=\"async\" width=\"2560\" height=\"1280\" class=\"wp-block-cover__image-background wp-image-697\" alt=\"\" src=\"http:\/\/masaze-jira.cz\/wp-content\/uploads\/2023\/05\/wiosna-dbanie-o-siebie-4000x2000-1-scaled.jpeg\" style=\"object-position:0% 51%\" data-object-fit=\"cover\" data-object-position=\"0% 51%\" srcset=\"https:\/\/masaze-jira.cz\/wp-content\/uploads\/2023\/05\/wiosna-dbanie-o-siebie-4000x2000-1-scaled.jpeg 2560w, https:\/\/masaze-jira.cz\/wp-content\/uploads\/2023\/05\/wiosna-dbanie-o-siebie-4000x2000-1-300x150.jpeg 300w, https:\/\/masaze-jira.cz\/wp-content\/uploads\/2023\/05\/wiosna-dbanie-o-siebie-4000x2000-1-1024x512.jpeg 1024w, https:\/\/masaze-jira.cz\/wp-content\/uploads\/2023\/05\/wiosna-dbanie-o-siebie-4000x2000-1-768x384.jpeg 768w, https:\/\/masaze-jira.cz\/wp-content\/uploads\/2023\/05\/wiosna-dbanie-o-siebie-4000x2000-1-1536x768.jpeg 1536w, https:\/\/masaze-jira.cz\/wp-content\/uploads\/2023\/05\/wiosna-dbanie-o-siebie-4000x2000-1-2048x1024.jpeg 2048w\" sizes=\"auto, (max-width: 2560px) 100vw, 2560px\" \/><span aria-hidden=\"true\" class=\"wp-block-cover__background has-background-dim-80 has-background-dim wp-block-cover__gradient-background has-background-gradient has-vivid-cyan-blue-to-vivid-purple-gradient-background\"><\/span><div class=\"wp-block-cover__inner-container is-layout-flow wp-block-cover-is-layout-flow\">\n<div style=\"height:40px\" aria-hidden=\"true\" class=\"wp-block-spacer\"><\/div>\n\n\n\n<div class=\"wp-block-columns are-vertically-aligned-center is-layout-flex wp-container-core-columns-is-layout-9d6595d7 wp-block-columns-is-layout-flex\">\n<div class=\"wp-block-column is-vertically-aligned-center is-layout-flow wp-block-column-is-layout-flow\">\n<div style=\"height:40px\" aria-hidden=\"true\" class=\"wp-block-spacer\"><\/div>\n\n\n\n<h4 class=\"wp-block-heading\">CENA<\/h4>\n\n\n\n<ul class=\"wp-block-list\">\n<li>Klasick\u00e1 mas\u00e1\u017e &#8211; 900 K\u010d \/ hod<\/li>\n\n\n\n<li>Lymfodren\u00e1\u017e &#8211; 900 K\u010d \/ hod<\/li>\n\n\n\n<li>Po\u010d\u00edt\u00e1no po 5 minut\u00e1ch od sjednan\u00e9ho term\u00ednu<\/li>\n<\/ul>\n\n\n\n<h4 class=\"wp-block-heading\">PLATBA<\/h4>\n\n\n\n<ul class=\"wp-block-list\">\n<li>P\u0159ij\u00edm\u00e1m platbu v hotovosti nebo p\u0159es QR k\u00f3d. Na m\u00edst\u011b V\u00e1m vystav\u00edm doklad o proveden\u00e9 mas\u00e1\u017ei.<\/li>\n<\/ul>\n\n\n\n<div class=\"wp-block-buttons is-layout-flex wp-block-buttons-is-layout-flex\">\n<div class=\"wp-block-button\"><a class=\"wp-block-button__link wp-element-button\">OBJEDNAT SE M\u016e\u017dETE NA TELEFONU +420 604 566 765<\/a><\/div>\n<\/div>\n\n\n\n<div style=\"height:40px\" aria-hidden=\"true\" class=\"wp-block-spacer\"><\/div>\n<\/div>\n<\/div>\n\n\n\n<div style=\"height:40px\" aria-hidden=\"true\" class=\"wp-block-spacer\"><\/div>\n<\/div><\/div>\n","protected":false},"excerpt":{"rendered":"","protected":false},"author":1,"featured_media":0,"parent":0,"menu_order":0,"comment_status":"closed","ping_status":"closed","template":"","meta":{"neve_meta_sidebar":"","neve_meta_container":"contained","neve_meta_enable_content_width":"on","neve_meta_content_width":100,"neve_meta_title_alignment":"left","neve_meta_author_avatar":"","neve_post_elements_order":"","neve_meta_disable_header":"","neve_meta_disable_footer":"","neve_meta_disable_title":"on","_themeisle_gutenberg_block_has_review":false,"_ti_tpc_template_sync":false,"_ti_tpc_template_id":"","footnotes":""},"class_list":["post-14","page","type-page","status-publish","hentry"],"_links":{"self":[{"href":"https:\/\/masaze-jira.cz\/index.php?rest_route=\/wp\/v2\/pages\/14","targetHints":{"allow":["GET"]}}],"collection":[{"href":"https:\/\/masaze-jira.cz\/index.php?rest_route=\/wp\/v2\/pages"}],"about":[{"href":"https:\/\/masaze-jira.cz\/index.php?rest_route=\/wp\/v2\/types\/page"}],"author":[{"embeddable":true,"href":"https:\/\/masaze-jira.cz\/index.php?rest_route=\/wp\/v2\/users\/1"}],"replies":[{"embeddable":true,"href":"https:\/\/masaze-jira.cz\/index.php?rest_route=%2Fwp%2Fv2%2Fcomments&post=14"}],"version-history":[{"count":36,"href":"https:\/\/masaze-jira.cz\/index.php?rest_route=\/wp\/v2\/pages\/14\/revisions"}],"predecessor-version":[{"id":911,"href":"https:\/\/masaze-jira.cz\/index.php?rest_route=\/wp\/v2\/pages\/14\/revisions\/911"}],"wp:attachment":[{"href":"https:\/\/masaze-jira.cz\/index.php?rest_route=%2Fwp%2Fv2%2Fmedia&parent=14"}],"curies":[{"name":"wp","href":"https:\/\/api.w.org\/{rel}","templated":true}]}}