{"id":3,"date":"2023-05-05T23:25:20","date_gmt":"2023-05-05T21:25:20","guid":{"rendered":"http:\/\/masaze-jira.cz\/?page_id=3"},"modified":"2024-04-30T21:16:07","modified_gmt":"2024-04-30T19:16:07","slug":"ochrana-osobnich-udaju","status":"publish","type":"page","link":"https:\/\/masaze-jira.cz\/?page_id=3","title":{"rendered":"O MN\u011a"},"content":{"rendered":"\n<p id=\"wnd_TextBlock_144775654_inner_0\">Rozhodla jsem se pod\u00edlet se na zkvalitn\u011bn\u00ed \u017eivota lidem, kte\u0159\u00ed maj\u00ed b\u011b\u017en\u00e9 nesn\u00e1ze s pohybov\u00fdm apar\u00e1tem sv\u00e9ho t\u011bla zp\u016fsoben\u00e9 dne\u0161n\u00ed hektickou dobou. Z\u00e1v\u011bre\u010dnou zkou\u0161kou jsem \u00fasp\u011b\u0161n\u011b ukon\u010dila mas\u00e9rsk\u00fd rekvalifika\u010dn\u00ed kurz a z\u00edskala Osv\u011bd\u010den\u00ed profesn\u00ed kvalifikace.&nbsp;<\/p>\n\n\n\n<p id=\"wnd_TextBlock_144775654_inner_1\">Nenahrazuji l\u00e9ka\u0159skou p\u00e9\u010di, n\u00fdbr\u017e se sna\u017e\u00edm prosp\u011bt sv\u00fdm klient\u016fm v situac\u00edch, kdy je t\u0159eba uvolnit nap\u011bt\u00ed. Toto nap\u011bt\u00ed m\u016f\u017ee b\u00fdt zp\u016fsobeno n\u011bkolika faktory a v m\u00e9 moci je n\u011bkter\u00e9 z nich eliminovat. Prov\u00e1d\u00edm relaxa\u010dn\u00ed mas\u00e1\u017ee, kter\u00e9 pomohou navodit p\u0159\u00edjemn\u00fd pocit uvoln\u011bn\u00ed nejen sval\u016f, ale i mysli.<\/p>\n\n\n\n<p id=\"wnd_TextBlock_144775654_inner_2\"><\/p>\n\n\n\n<div class=\"wp-block-cover alignfull\" style=\"min-height:435px;aspect-ratio:unset;\"><span aria-hidden=\"true\" class=\"wp-block-cover__background has-neve-link-hover-color-background-color has-background-dim-100 has-background-dim\"><\/span><div class=\"wp-block-cover__inner-container is-layout-flow wp-block-cover-is-layout-flow\">\n<div class=\"wp-block-media-text alignwide is-stacked-on-mobile is-vertically-aligned-center is-image-fill\" style=\"grid-template-columns:49% auto\"><figure class=\"wp-block-media-text__media\" style=\"background-image:url(http:\/\/masaze-jira.cz\/wp-content\/uploads\/2023\/06\/04ACA41B-9436-40D0-8BC6-65E010971A23-1024x768.jpeg);background-position:52% 0%\"><img loading=\"lazy\" decoding=\"async\" width=\"1024\" height=\"768\" src=\"http:\/\/masaze-jira.cz\/wp-content\/uploads\/2023\/06\/04ACA41B-9436-40D0-8BC6-65E010971A23-1024x768.jpeg\" alt=\"\" class=\"wp-image-740 size-full\" srcset=\"https:\/\/masaze-jira.cz\/wp-content\/uploads\/2023\/06\/04ACA41B-9436-40D0-8BC6-65E010971A23-1024x768.jpeg 1024w, https:\/\/masaze-jira.cz\/wp-content\/uploads\/2023\/06\/04ACA41B-9436-40D0-8BC6-65E010971A23-300x225.jpeg 300w, https:\/\/masaze-jira.cz\/wp-content\/uploads\/2023\/06\/04ACA41B-9436-40D0-8BC6-65E010971A23-768x576.jpeg 768w, https:\/\/masaze-jira.cz\/wp-content\/uploads\/2023\/06\/04ACA41B-9436-40D0-8BC6-65E010971A23-1536x1152.jpeg 1536w, https:\/\/masaze-jira.cz\/wp-content\/uploads\/2023\/06\/04ACA41B-9436-40D0-8BC6-65E010971A23-2048x1536.jpeg 2048w\" sizes=\"auto, (max-width: 1024px) 100vw, 1024px\" \/><\/figure><div class=\"wp-block-media-text__content\">\n<h2 class=\"wp-block-heading has-text-color\" style=\"color:#000000;font-size:32px\">&#8220;Postarejte se o svoje t\u011blo. Je to jedin\u00e9 m\u00edsto, kde mus\u00edte \u017e\u00edt.&#8221;<\/h2>\n\n\n\n<h2 class=\"wp-block-heading has-text-align-right has-text-color\" style=\"color:#000000;font-size:32px\"><em>Jim Rohn<\/em><\/h2>\n\n\n\n<p><\/p>\n<\/div><\/div>\n<\/div><\/div>\n\n\n\n<h2 class=\"wp-block-heading\"><\/h2>\n\n\n\n<figure class=\"wp-block-gallery has-nested-images columns-default is-cropped wp-block-gallery-1 is-layout-flex wp-block-gallery-is-layout-flex\">\n<figure class=\"wp-block-image size-large\"><img loading=\"lazy\" decoding=\"async\" width=\"1024\" height=\"768\" data-id=\"815\" src=\"http:\/\/masaze-jira.cz\/wp-content\/uploads\/2024\/03\/IMG-20240209-WA0002-1024x768.jpg\" alt=\"\" class=\"wp-image-815\" srcset=\"https:\/\/masaze-jira.cz\/wp-content\/uploads\/2024\/03\/IMG-20240209-WA0002-1024x768.jpg 1024w, https:\/\/masaze-jira.cz\/wp-content\/uploads\/2024\/03\/IMG-20240209-WA0002-300x225.jpg 300w, https:\/\/masaze-jira.cz\/wp-content\/uploads\/2024\/03\/IMG-20240209-WA0002-768x576.jpg 768w, https:\/\/masaze-jira.cz\/wp-content\/uploads\/2024\/03\/IMG-20240209-WA0002-1536x1152.jpg 1536w, https:\/\/masaze-jira.cz\/wp-content\/uploads\/2024\/03\/IMG-20240209-WA0002.jpg 2048w\" sizes=\"auto, (max-width: 1024px) 100vw, 1024px\" \/><\/figure>\n\n\n\n<figure class=\"wp-block-image size-large\"><img loading=\"lazy\" decoding=\"async\" width=\"1024\" height=\"768\" data-id=\"816\" src=\"http:\/\/masaze-jira.cz\/wp-content\/uploads\/2024\/03\/IMG-20240209-WA0005-1024x768.jpg\" alt=\"\" class=\"wp-image-816\" srcset=\"https:\/\/masaze-jira.cz\/wp-content\/uploads\/2024\/03\/IMG-20240209-WA0005-1024x768.jpg 1024w, https:\/\/masaze-jira.cz\/wp-content\/uploads\/2024\/03\/IMG-20240209-WA0005-300x225.jpg 300w, https:\/\/masaze-jira.cz\/wp-content\/uploads\/2024\/03\/IMG-20240209-WA0005-768x576.jpg 768w, https:\/\/masaze-jira.cz\/wp-content\/uploads\/2024\/03\/IMG-20240209-WA0005-1536x1152.jpg 1536w, https:\/\/masaze-jira.cz\/wp-content\/uploads\/2024\/03\/IMG-20240209-WA0005.jpg 2048w\" sizes=\"auto, (max-width: 1024px) 100vw, 1024px\" \/><\/figure>\n<\/figure>\n\n\n\n<div style=\"height:60px\" aria-hidden=\"true\" class=\"wp-block-spacer\"><\/div>\n\n\n\n<figure class=\"wp-block-gallery has-nested-images columns-default is-cropped wp-block-gallery-2 is-layout-flex wp-block-gallery-is-layout-flex\">\n<figure class=\"wp-block-image size-large\"><img loading=\"lazy\" decoding=\"async\" width=\"1024\" height=\"768\" data-id=\"743\" src=\"http:\/\/masaze-jira.cz\/wp-content\/uploads\/2023\/06\/43B4D8C7-7367-4342-996D-534E6844CD1D-1024x768.jpeg\" alt=\"\" class=\"wp-image-743\" srcset=\"https:\/\/masaze-jira.cz\/wp-content\/uploads\/2023\/06\/43B4D8C7-7367-4342-996D-534E6844CD1D-1024x768.jpeg 1024w, https:\/\/masaze-jira.cz\/wp-content\/uploads\/2023\/06\/43B4D8C7-7367-4342-996D-534E6844CD1D-300x225.jpeg 300w, https:\/\/masaze-jira.cz\/wp-content\/uploads\/2023\/06\/43B4D8C7-7367-4342-996D-534E6844CD1D-768x576.jpeg 768w, https:\/\/masaze-jira.cz\/wp-content\/uploads\/2023\/06\/43B4D8C7-7367-4342-996D-534E6844CD1D-1536x1152.jpeg 1536w, https:\/\/masaze-jira.cz\/wp-content\/uploads\/2023\/06\/43B4D8C7-7367-4342-996D-534E6844CD1D-2048x1536.jpeg 2048w\" sizes=\"auto, (max-width: 1024px) 100vw, 1024px\" \/><\/figure>\n\n\n\n<figure class=\"wp-block-image size-large\"><img loading=\"lazy\" decoding=\"async\" width=\"1024\" height=\"768\" data-id=\"742\" src=\"http:\/\/masaze-jira.cz\/wp-content\/uploads\/2023\/06\/42BA7C8B-9248-42F3-92C4-A13D4553D773-1024x768.jpeg\" alt=\"\" class=\"wp-image-742\" srcset=\"https:\/\/masaze-jira.cz\/wp-content\/uploads\/2023\/06\/42BA7C8B-9248-42F3-92C4-A13D4553D773-1024x768.jpeg 1024w, https:\/\/masaze-jira.cz\/wp-content\/uploads\/2023\/06\/42BA7C8B-9248-42F3-92C4-A13D4553D773-300x225.jpeg 300w, https:\/\/masaze-jira.cz\/wp-content\/uploads\/2023\/06\/42BA7C8B-9248-42F3-92C4-A13D4553D773-768x576.jpeg 768w, https:\/\/masaze-jira.cz\/wp-content\/uploads\/2023\/06\/42BA7C8B-9248-42F3-92C4-A13D4553D773-1536x1152.jpeg 1536w, https:\/\/masaze-jira.cz\/wp-content\/uploads\/2023\/06\/42BA7C8B-9248-42F3-92C4-A13D4553D773-2048x1536.jpeg 2048w\" sizes=\"auto, (max-width: 1024px) 100vw, 1024px\" \/><\/figure>\n\n\n\n<figure class=\"wp-block-image size-large\"><img loading=\"lazy\" decoding=\"async\" width=\"1024\" height=\"768\" data-id=\"741\" src=\"http:\/\/masaze-jira.cz\/wp-content\/uploads\/2023\/06\/16E20192-E938-49E4-AF21-9E6027AFFBAB-1024x768.jpeg\" alt=\"\" class=\"wp-image-741\" srcset=\"https:\/\/masaze-jira.cz\/wp-content\/uploads\/2023\/06\/16E20192-E938-49E4-AF21-9E6027AFFBAB-1024x768.jpeg 1024w, https:\/\/masaze-jira.cz\/wp-content\/uploads\/2023\/06\/16E20192-E938-49E4-AF21-9E6027AFFBAB-300x225.jpeg 300w, https:\/\/masaze-jira.cz\/wp-content\/uploads\/2023\/06\/16E20192-E938-49E4-AF21-9E6027AFFBAB-768x576.jpeg 768w, https:\/\/masaze-jira.cz\/wp-content\/uploads\/2023\/06\/16E20192-E938-49E4-AF21-9E6027AFFBAB-1536x1152.jpeg 1536w, https:\/\/masaze-jira.cz\/wp-content\/uploads\/2023\/06\/16E20192-E938-49E4-AF21-9E6027AFFBAB-2048x1536.jpeg 2048w\" sizes=\"auto, (max-width: 1024px) 100vw, 1024px\" \/><\/figure>\n\n\n\n<figure class=\"wp-block-image size-large\"><img loading=\"lazy\" decoding=\"async\" width=\"1024\" height=\"768\" data-id=\"740\" src=\"http:\/\/masaze-jira.cz\/wp-content\/uploads\/2023\/06\/04ACA41B-9436-40D0-8BC6-65E010971A23-1024x768.jpeg\" alt=\"\" class=\"wp-image-740\" srcset=\"https:\/\/masaze-jira.cz\/wp-content\/uploads\/2023\/06\/04ACA41B-9436-40D0-8BC6-65E010971A23-1024x768.jpeg 1024w, https:\/\/masaze-jira.cz\/wp-content\/uploads\/2023\/06\/04ACA41B-9436-40D0-8BC6-65E010971A23-300x225.jpeg 300w, https:\/\/masaze-jira.cz\/wp-content\/uploads\/2023\/06\/04ACA41B-9436-40D0-8BC6-65E010971A23-768x576.jpeg 768w, https:\/\/masaze-jira.cz\/wp-content\/uploads\/2023\/06\/04ACA41B-9436-40D0-8BC6-65E010971A23-1536x1152.jpeg 1536w, https:\/\/masaze-jira.cz\/wp-content\/uploads\/2023\/06\/04ACA41B-9436-40D0-8BC6-65E010971A23-2048x1536.jpeg 2048w\" sizes=\"auto, (max-width: 1024px) 100vw, 1024px\" \/><\/figure>\n\n\n\n<figure class=\"wp-block-image size-large\"><img loading=\"lazy\" decoding=\"async\" width=\"768\" height=\"768\" data-id=\"739\" src=\"http:\/\/masaze-jira.cz\/wp-content\/uploads\/2023\/06\/FB_IMG_1684049941890.jpg\" alt=\"\" class=\"wp-image-739\" srcset=\"https:\/\/masaze-jira.cz\/wp-content\/uploads\/2023\/06\/FB_IMG_1684049941890.jpg 768w, https:\/\/masaze-jira.cz\/wp-content\/uploads\/2023\/06\/FB_IMG_1684049941890-300x300.jpg 300w, https:\/\/masaze-jira.cz\/wp-content\/uploads\/2023\/06\/FB_IMG_1684049941890-150x150.jpg 150w\" sizes=\"auto, (max-width: 768px) 100vw, 768px\" \/><\/figure>\n\n\n\n<figure class=\"wp-block-image size-large\"><img loading=\"lazy\" decoding=\"async\" width=\"1024\" height=\"768\" data-id=\"738\" src=\"http:\/\/masaze-jira.cz\/wp-content\/uploads\/2023\/06\/CA500719-7F4B-49C8-8C60-BB13E1C9485C-1024x768.jpeg\" alt=\"\" class=\"wp-image-738\" srcset=\"https:\/\/masaze-jira.cz\/wp-content\/uploads\/2023\/06\/CA500719-7F4B-49C8-8C60-BB13E1C9485C-1024x768.jpeg 1024w, https:\/\/masaze-jira.cz\/wp-content\/uploads\/2023\/06\/CA500719-7F4B-49C8-8C60-BB13E1C9485C-300x225.jpeg 300w, https:\/\/masaze-jira.cz\/wp-content\/uploads\/2023\/06\/CA500719-7F4B-49C8-8C60-BB13E1C9485C-768x576.jpeg 768w, https:\/\/masaze-jira.cz\/wp-content\/uploads\/2023\/06\/CA500719-7F4B-49C8-8C60-BB13E1C9485C-1536x1152.jpeg 1536w, https:\/\/masaze-jira.cz\/wp-content\/uploads\/2023\/06\/CA500719-7F4B-49C8-8C60-BB13E1C9485C-2048x1536.jpeg 2048w\" sizes=\"auto, (max-width: 1024px) 100vw, 1024px\" \/><\/figure>\n\n\n\n<figure class=\"wp-block-image size-large\"><img loading=\"lazy\" decoding=\"async\" width=\"1024\" height=\"768\" data-id=\"737\" src=\"http:\/\/masaze-jira.cz\/wp-content\/uploads\/2023\/06\/0789A1CB-D434-4438-BC57-64CDA40451F1-1024x768.jpeg\" alt=\"\" class=\"wp-image-737\" srcset=\"https:\/\/masaze-jira.cz\/wp-content\/uploads\/2023\/06\/0789A1CB-D434-4438-BC57-64CDA40451F1-1024x768.jpeg 1024w, https:\/\/masaze-jira.cz\/wp-content\/uploads\/2023\/06\/0789A1CB-D434-4438-BC57-64CDA40451F1-300x225.jpeg 300w, https:\/\/masaze-jira.cz\/wp-content\/uploads\/2023\/06\/0789A1CB-D434-4438-BC57-64CDA40451F1-768x576.jpeg 768w, https:\/\/masaze-jira.cz\/wp-content\/uploads\/2023\/06\/0789A1CB-D434-4438-BC57-64CDA40451F1-1536x1152.jpeg 1536w, https:\/\/masaze-jira.cz\/wp-content\/uploads\/2023\/06\/0789A1CB-D434-4438-BC57-64CDA40451F1-2048x1536.jpeg 2048w\" sizes=\"auto, (max-width: 1024px) 100vw, 1024px\" \/><\/figure>\n\n\n\n<figure class=\"wp-block-image size-large\"><img loading=\"lazy\" decoding=\"async\" width=\"1024\" height=\"768\" data-id=\"736\" src=\"http:\/\/masaze-jira.cz\/wp-content\/uploads\/2023\/06\/746CC96F-7328-492F-9725-9ACDC666AF22-1024x768.jpeg\" alt=\"\" class=\"wp-image-736\" srcset=\"https:\/\/masaze-jira.cz\/wp-content\/uploads\/2023\/06\/746CC96F-7328-492F-9725-9ACDC666AF22-1024x768.jpeg 1024w, https:\/\/masaze-jira.cz\/wp-content\/uploads\/2023\/06\/746CC96F-7328-492F-9725-9ACDC666AF22-300x225.jpeg 300w, https:\/\/masaze-jira.cz\/wp-content\/uploads\/2023\/06\/746CC96F-7328-492F-9725-9ACDC666AF22-768x576.jpeg 768w, https:\/\/masaze-jira.cz\/wp-content\/uploads\/2023\/06\/746CC96F-7328-492F-9725-9ACDC666AF22-1536x1152.jpeg 1536w, https:\/\/masaze-jira.cz\/wp-content\/uploads\/2023\/06\/746CC96F-7328-492F-9725-9ACDC666AF22-2048x1536.jpeg 2048w\" sizes=\"auto, (max-width: 1024px) 100vw, 1024px\" \/><\/figure>\n\n\n\n<figure class=\"wp-block-image size-large\"><img loading=\"lazy\" decoding=\"async\" width=\"1024\" height=\"768\" data-id=\"735\" src=\"http:\/\/masaze-jira.cz\/wp-content\/uploads\/2023\/06\/39FDD0EE-0F89-4912-8944-277BC4F53493-1024x768.jpeg\" alt=\"\" class=\"wp-image-735\" srcset=\"https:\/\/masaze-jira.cz\/wp-content\/uploads\/2023\/06\/39FDD0EE-0F89-4912-8944-277BC4F53493-1024x768.jpeg 1024w, https:\/\/masaze-jira.cz\/wp-content\/uploads\/2023\/06\/39FDD0EE-0F89-4912-8944-277BC4F53493-300x225.jpeg 300w, https:\/\/masaze-jira.cz\/wp-content\/uploads\/2023\/06\/39FDD0EE-0F89-4912-8944-277BC4F53493-768x576.jpeg 768w, https:\/\/masaze-jira.cz\/wp-content\/uploads\/2023\/06\/39FDD0EE-0F89-4912-8944-277BC4F53493-1536x1152.jpeg 1536w, https:\/\/masaze-jira.cz\/wp-content\/uploads\/2023\/06\/39FDD0EE-0F89-4912-8944-277BC4F53493-2048x1536.jpeg 2048w\" sizes=\"auto, (max-width: 1024px) 100vw, 1024px\" \/><\/figure>\n<\/figure>\n\n\n\n<div style=\"height:50px\" aria-hidden=\"true\" class=\"wp-block-spacer\"><\/div>\n\n\n\n<div style=\"height:50px\" aria-hidden=\"true\" class=\"wp-block-spacer\"><\/div>\n","protected":false},"excerpt":{"rendered":"<p>Rozhodla jsem se pod\u00edlet se na zkvalitn\u011bn\u00ed \u017eivota lidem, kte\u0159\u00ed maj\u00ed b\u011b\u017en\u00e9 nesn\u00e1ze s pohybov\u00fdm apar\u00e1tem sv\u00e9ho t\u011bla zp\u016fsoben\u00e9 dne\u0161n\u00ed hektickou dobou. Z\u00e1v\u011bre\u010dnou zkou\u0161kou jsem \u00fasp\u011b\u0161n\u011b ukon\u010dila mas\u00e9rsk\u00fd rekvalifika\u010dn\u00ed kurz a z\u00edskala Osv\u011bd\u010den\u00ed profesn\u00ed kvalifikace.&nbsp; Nenahrazuji l\u00e9ka\u0159skou p\u00e9\u010di, n\u00fdbr\u017e se sna\u017e\u00edm prosp\u011bt sv\u00fdm klient\u016fm v situac\u00edch, kdy je t\u0159eba uvolnit nap\u011bt\u00ed. Toto nap\u011bt\u00ed m\u016f\u017ee b\u00fdt&hellip;&nbsp;<a href=\"https:\/\/masaze-jira.cz\/?page_id=3\" class=\"\" rel=\"bookmark\">Read More &raquo;<span class=\"screen-reader-text\">O MN\u011a<\/span><\/a><\/p>\n","protected":false},"author":1,"featured_media":0,"parent":0,"menu_order":0,"comment_status":"closed","ping_status":"open","template":"","meta":{"neve_meta_sidebar":"","neve_meta_container":"","neve_meta_enable_content_width":"","neve_meta_content_width":0,"neve_meta_title_alignment":"","neve_meta_author_avatar":"","neve_post_elements_order":"","neve_meta_disable_header":"","neve_meta_disable_footer":"","neve_meta_disable_title":"","_themeisle_gutenberg_block_has_review":false,"_ti_tpc_template_sync":false,"_ti_tpc_template_id":"","footnotes":""},"class_list":["post-3","page","type-page","status-publish","hentry"],"_links":{"self":[{"href":"https:\/\/masaze-jira.cz\/index.php?rest_route=\/wp\/v2\/pages\/3","targetHints":{"allow":["GET"]}}],"collection":[{"href":"https:\/\/masaze-jira.cz\/index.php?rest_route=\/wp\/v2\/pages"}],"about":[{"href":"https:\/\/masaze-jira.cz\/index.php?rest_route=\/wp\/v2\/types\/page"}],"author":[{"embeddable":true,"href":"https:\/\/masaze-jira.cz\/index.php?rest_route=\/wp\/v2\/users\/1"}],"replies":[{"embeddable":true,"href":"https:\/\/masaze-jira.cz\/index.php?rest_route=%2Fwp%2Fv2%2Fcomments&post=3"}],"version-history":[{"count":17,"href":"https:\/\/masaze-jira.cz\/index.php?rest_route=\/wp\/v2\/pages\/3\/revisions"}],"predecessor-version":[{"id":862,"href":"https:\/\/masaze-jira.cz\/index.php?rest_route=\/wp\/v2\/pages\/3\/revisions\/862"}],"wp:attachment":[{"href":"https:\/\/masaze-jira.cz\/index.php?rest_route=%2Fwp%2Fv2%2Fmedia&parent=3"}],"curies":[{"name":"wp","href":"https:\/\/api.w.org\/{rel}","templated":true}]}}