{"id":425,"date":"2021-02-16T11:44:42","date_gmt":"2021-02-16T11:44:42","guid":{"rendered":"https:\/\/demosites.io\/neve-3\/?page_id=46"},"modified":"2024-10-28T10:39:35","modified_gmt":"2024-10-28T09:39:35","slug":"7b3c2-homepage","status":"publish","type":"page","link":"https:\/\/masaze-jira.cz\/","title":{"rendered":"DOMA"},"content":{"rendered":"\n<div class=\"wp-block-cover alignfull\" style=\"min-height:600px;aspect-ratio:unset;\"><span aria-hidden=\"true\" class=\"wp-block-cover__background has-background-dim-60 has-background-dim wp-block-cover__gradient-background has-background-gradient has-vivid-cyan-blue-to-vivid-purple-gradient-background\"><\/span><img loading=\"lazy\" decoding=\"async\" width=\"2560\" height=\"1440\" class=\"wp-block-cover__image-background wp-image-588\" alt=\"\" src=\"http:\/\/masaze-jira.cz\/wp-content\/uploads\/2023\/05\/BackZoning-course-image-scaled.jpg\" style=\"object-position:56% 66%\" data-object-fit=\"cover\" data-object-position=\"56% 66%\" srcset=\"https:\/\/masaze-jira.cz\/wp-content\/uploads\/2023\/05\/BackZoning-course-image-scaled.jpg 2560w, https:\/\/masaze-jira.cz\/wp-content\/uploads\/2023\/05\/BackZoning-course-image-300x169.jpg 300w, https:\/\/masaze-jira.cz\/wp-content\/uploads\/2023\/05\/BackZoning-course-image-1024x576.jpg 1024w, https:\/\/masaze-jira.cz\/wp-content\/uploads\/2023\/05\/BackZoning-course-image-768x432.jpg 768w, https:\/\/masaze-jira.cz\/wp-content\/uploads\/2023\/05\/BackZoning-course-image-1536x864.jpg 1536w, https:\/\/masaze-jira.cz\/wp-content\/uploads\/2023\/05\/BackZoning-course-image-2048x1152.jpg 2048w\" sizes=\"auto, (max-width: 2560px) 100vw, 2560px\" \/><div class=\"wp-block-cover__inner-container is-layout-flow wp-block-cover-is-layout-flow\">\n<div style=\"height:40px\" aria-hidden=\"true\" class=\"wp-block-spacer\"><\/div>\n\n\n\n<div class=\"wp-block-columns is-layout-flex wp-container-core-columns-is-layout-9d6595d7 wp-block-columns-is-layout-flex\">\n<div class=\"wp-block-column is-layout-flow wp-block-column-is-layout-flow\">\n<h1 class=\"wp-block-heading has-text-align-left\" style=\"font-size:56px\"><em>MAS\u00c1\u017dE J\u00cd\u0158A<\/em><\/h1>\n\n\n\n<h2 class=\"wp-block-heading has-text-align-left\">P\u0159ijedete vy za mnou do salonu Z\u00e1zvorkova 1999, Praha Stod\u016flky  Metro Lu\u017einy<\/h2>\n\n\n\n<h2 class=\"wp-block-heading\">nebo j\u00e1 k v\u00e1m?<\/h2>\n\n\n\n<p class=\"has-text-align-left animated slideInUp\" style=\"font-size:1.125em\"><\/p>\n\n\n\n<div class=\"wp-block-buttons is-layout-flex wp-block-buttons-is-layout-flex\">\n<div class=\"wp-block-button\"><a class=\"wp-block-button__link wp-element-button\" href=\"http:\/\/masaze-jira.cz\/?page_id=51\" target=\"_blank\" rel=\"noreferrer noopener\">REZERVACE<\/a><\/div>\n\n\n\n<div class=\"wp-block-button\"><a class=\"wp-block-button__link wp-element-button\" href=\"http:\/\/masaze-jira.cz\/?page_id=16\" target=\"_blank\" rel=\"noreferrer noopener\">KONTAKT<\/a><\/div>\n\n\n\n<div class=\"wp-block-button\"><a class=\"wp-block-button__link has-background wp-element-button\" href=\"https:\/\/www.facebook.com\/profile.php?id=100091700261137\" style=\"background-color:#1c59a3\" target=\"_blank\" rel=\"noreferrer noopener\">FB<\/a><\/div>\n<\/div>\n<\/div>\n\n\n\n<div class=\"wp-block-column is-vertically-aligned-center is-layout-flow wp-block-column-is-layout-flow\"><\/div>\n<\/div>\n\n\n\n<div style=\"height:40px\" aria-hidden=\"true\" class=\"wp-block-spacer\"><\/div>\n<\/div><\/div>\n\n\n\n<div style=\"height:40px\" aria-hidden=\"true\" class=\"wp-block-spacer\"><\/div>\n\n\n\n<h2 class=\"wp-block-heading animated slideInRight\"><\/h2>\n\n\n\n<div class=\"wp-block-columns animated slideInLeft is-layout-flex wp-container-core-columns-is-layout-9d6595d7 wp-block-columns-is-layout-flex\">\n<div class=\"wp-block-column is-vertically-aligned-top is-layout-flow wp-block-column-is-layout-flow\">\n<p class=\"has-text-align-left\" id=\"wnd_TextBlock_144775654_inner_0\">&nbsp;<\/p>\n<\/div>\n\n\n\n<div class=\"wp-block-column is-vertically-aligned-top is-layout-flow wp-block-column-is-layout-flow\">\n<p><\/p>\n<\/div>\n\n\n\n<div class=\"wp-block-column is-vertically-aligned-top is-layout-flow wp-block-column-is-layout-flow\">\n<p><\/p>\n<\/div>\n<\/div>\n\n\n\n<h2 class=\"wp-block-heading animated slideInLeft\">V\u00ddHODY PRAVIDELN\u00ddCH MAS\u00c1\u017d\u00cd PRO VA\u0160E T\u011aLO A MYSL<\/h2>\n\n\n\n<div class=\"wp-block-columns are-vertically-aligned-top is-layout-flex wp-container-core-columns-is-layout-9d6595d7 wp-block-columns-is-layout-flex\">\n<div class=\"wp-block-column is-vertically-aligned-top animated slideInLeft is-layout-flow wp-block-column-is-layout-flow\">\n<figure class=\"wp-block-image size-full\"><img loading=\"lazy\" decoding=\"async\" width=\"1024\" height=\"1024\" src=\"http:\/\/masaze-jira.cz\/wp-content\/uploads\/2023\/05\/0_1.png\" alt=\"\" class=\"wp-image-527\" srcset=\"https:\/\/masaze-jira.cz\/wp-content\/uploads\/2023\/05\/0_1.png 1024w, https:\/\/masaze-jira.cz\/wp-content\/uploads\/2023\/05\/0_1-300x300.png 300w, https:\/\/masaze-jira.cz\/wp-content\/uploads\/2023\/05\/0_1-150x150.png 150w, https:\/\/masaze-jira.cz\/wp-content\/uploads\/2023\/05\/0_1-768x768.png 768w\" sizes=\"auto, (max-width: 1024px) 100vw, 1024px\" \/><\/figure>\n\n\n\n<div style=\"height:16px\" aria-hidden=\"true\" class=\"wp-block-spacer\"><\/div>\n\n\n\n<h3 class=\"wp-block-heading\">Zlep\u0161en\u00ed cirkulace:<\/h3>\n\n\n\n<p>Mas\u00e1\u017ee stimuluj\u00ed krevn\u00ed ob\u011bh a pom\u00e1haj\u00ed roz\u0161\u00ed\u0159it c\u00e9vy, co\u017e zlep\u0161uje krevn\u00ed tok po cel\u00e9m t\u011ble. To m\u016f\u017ee m\u00edt pozitivn\u00ed vliv na svalovou regeneraci a dod\u00e1v\u00e1n\u00ed \u017eivin do tk\u00e1n\u00ed.<\/p>\n<\/div>\n\n\n\n<div class=\"wp-block-column is-vertically-aligned-top animated slideInUp is-layout-flow wp-block-column-is-layout-flow\">\n<figure class=\"wp-block-image size-full is-resized\"><img loading=\"lazy\" decoding=\"async\" width=\"1024\" height=\"1024\" src=\"http:\/\/masaze-jira.cz\/wp-content\/uploads\/2023\/05\/0_3.png\" alt=\"\" class=\"wp-image-528\" style=\"width:369px;height:369px\" srcset=\"https:\/\/masaze-jira.cz\/wp-content\/uploads\/2023\/05\/0_3.png 1024w, https:\/\/masaze-jira.cz\/wp-content\/uploads\/2023\/05\/0_3-300x300.png 300w, https:\/\/masaze-jira.cz\/wp-content\/uploads\/2023\/05\/0_3-150x150.png 150w, https:\/\/masaze-jira.cz\/wp-content\/uploads\/2023\/05\/0_3-768x768.png 768w\" sizes=\"auto, (max-width: 1024px) 100vw, 1024px\" \/><\/figure>\n\n\n\n<div style=\"height:16px\" aria-hidden=\"true\" class=\"wp-block-spacer\"><\/div>\n\n\n\n<h3 class=\"wp-block-heading\">Redukce stresu:<\/h3>\n\n\n\n<p>Mas\u00e1\u017ee maj\u00ed relaxa\u010dn\u00ed \u00fa\u010dinky a pom\u00e1haj\u00ed sni\u017eovat hladinu stresu. P\u0159i mas\u00e1\u017ei se uvol\u0148uje endorfin, tzv. hormon \u0161t\u011bst\u00ed, kter\u00fd zlep\u0161uje n\u00e1ladu a celkov\u00fd pocit pohody.<\/p>\n<\/div>\n\n\n\n<div class=\"wp-block-column is-vertically-aligned-top animated slideInRight is-layout-flow wp-block-column-is-layout-flow\">\n<figure class=\"wp-block-image size-full\"><img loading=\"lazy\" decoding=\"async\" width=\"1024\" height=\"1024\" src=\"http:\/\/masaze-jira.cz\/wp-content\/uploads\/2023\/05\/0_0.png\" alt=\"\" class=\"wp-image-529\" srcset=\"https:\/\/masaze-jira.cz\/wp-content\/uploads\/2023\/05\/0_0.png 1024w, https:\/\/masaze-jira.cz\/wp-content\/uploads\/2023\/05\/0_0-300x300.png 300w, https:\/\/masaze-jira.cz\/wp-content\/uploads\/2023\/05\/0_0-150x150.png 150w, https:\/\/masaze-jira.cz\/wp-content\/uploads\/2023\/05\/0_0-768x768.png 768w\" sizes=\"auto, (max-width: 1024px) 100vw, 1024px\" \/><\/figure>\n\n\n\n<div style=\"height:16px\" aria-hidden=\"true\" class=\"wp-block-spacer\"><\/div>\n\n\n\n<h3 class=\"wp-block-heading\">Zm\u00edrn\u011bn\u00ed bolesti:<\/h3>\n\n\n\n<p>Mas\u00e1\u017ee mohou pomoci zm\u00edrnit bolesti sval\u016f, kloub\u016f a nap\u011bt\u00ed v t\u011ble. Techniky mas\u00e1\u017e\u00ed, jako je hlazen\u00ed, tlakov\u00e1n\u00ed a protahov\u00e1n\u00ed, mohou uvolnit svalov\u00e9 nap\u011bt\u00ed a zlep\u0161it pohyblivost.<\/p>\n<\/div>\n<\/div>\n\n\n\n<h2 class=\"wp-block-heading animated slideInDown\">LOKALITA &#8211; ANEB ODKUD VYJ\u00cd\u017dD\u00cdM ?<\/h2>\n\n\n\n<iframe loading=\"lazy\" style=\"border:none\" src=\"https:\/\/frame.mapy.cz\/s\/depodeleto\" width=\"100%\" height=\"500px\" frameborder=\"0\"><\/iframe>\n\n\n\n<div style=\"height:40px\" aria-hidden=\"true\" class=\"wp-block-spacer\"><\/div>\n","protected":false},"excerpt":{"rendered":"<p>&nbsp; V\u00ddHODY PRAVIDELN\u00ddCH MAS\u00c1\u017d\u00cd PRO VA\u0160E T\u011aLO A MYSL Zlep\u0161en\u00ed cirkulace: Mas\u00e1\u017ee stimuluj\u00ed krevn\u00ed ob\u011bh a pom\u00e1haj\u00ed roz\u0161\u00ed\u0159it c\u00e9vy, co\u017e zlep\u0161uje krevn\u00ed tok po cel\u00e9m t\u011ble. To m\u016f\u017ee m\u00edt pozitivn\u00ed vliv na svalovou regeneraci a dod\u00e1v\u00e1n\u00ed \u017eivin do tk\u00e1n\u00ed. Redukce stresu: Mas\u00e1\u017ee maj\u00ed relaxa\u010dn\u00ed \u00fa\u010dinky a pom\u00e1haj\u00ed sni\u017eovat hladinu stresu. P\u0159i mas\u00e1\u017ei se uvol\u0148uje endorfin,&hellip;&nbsp;<a href=\"https:\/\/masaze-jira.cz\/\" class=\"\" rel=\"bookmark\">Read More &raquo;<span class=\"screen-reader-text\">DOMA<\/span><\/a><\/p>\n","protected":false},"author":2,"featured_media":0,"parent":0,"menu_order":0,"comment_status":"closed","ping_status":"closed","template":"","meta":{"neve_meta_sidebar":"full-width","neve_meta_container":"contained","neve_meta_enable_content_width":"on","neve_meta_content_width":100,"neve_meta_title_alignment":"","neve_meta_author_avatar":"","neve_post_elements_order":"","neve_meta_disable_header":"","neve_meta_disable_footer":"","neve_meta_disable_title":"on","_themeisle_gutenberg_block_has_review":false,"_ti_tpc_template_sync":false,"_ti_tpc_template_id":"98yl5t6s3nicwhomkrmc","footnotes":""},"class_list":["post-425","page","type-page","status-publish","hentry"],"_links":{"self":[{"href":"https:\/\/masaze-jira.cz\/index.php?rest_route=\/wp\/v2\/pages\/425","targetHints":{"allow":["GET"]}}],"collection":[{"href":"https:\/\/masaze-jira.cz\/index.php?rest_route=\/wp\/v2\/pages"}],"about":[{"href":"https:\/\/masaze-jira.cz\/index.php?rest_route=\/wp\/v2\/types\/page"}],"author":[{"embeddable":true,"href":"https:\/\/masaze-jira.cz\/index.php?rest_route=\/wp\/v2\/users\/2"}],"replies":[{"embeddable":true,"href":"https:\/\/masaze-jira.cz\/index.php?rest_route=%2Fwp%2Fv2%2Fcomments&post=425"}],"version-history":[{"count":111,"href":"https:\/\/masaze-jira.cz\/index.php?rest_route=\/wp\/v2\/pages\/425\/revisions"}],"predecessor-version":[{"id":868,"href":"https:\/\/masaze-jira.cz\/index.php?rest_route=\/wp\/v2\/pages\/425\/revisions\/868"}],"wp:attachment":[{"href":"https:\/\/masaze-jira.cz\/index.php?rest_route=%2Fwp%2Fv2%2Fmedia&parent=425"}],"curies":[{"name":"wp","href":"https:\/\/api.w.org\/{rel}","templated":true}]}}