{"id":47,"date":"2023-05-07T20:49:00","date_gmt":"2023-05-07T18:49:00","guid":{"rendered":"http:\/\/masaze-jira.cz\/?page_id=47"},"modified":"2024-04-30T20:19:44","modified_gmt":"2024-04-30T18:19:44","slug":"otazky-a-odpovedi","status":"publish","type":"page","link":"https:\/\/masaze-jira.cz\/?page_id=47","title":{"rendered":"OT\u00c1ZKY A ODPOV\u011aDI"},"content":{"rendered":"\n<h2 class=\"wp-block-heading has-text-align-left animated slideInLeft\">Mas\u00e1\u017e,\u00a0kterou provedu<\/h2>\n\n\n\n<div class=\"wp-block-columns is-layout-flex wp-container-core-columns-is-layout-9d6595d7 wp-block-columns-is-layout-flex\">\n<div class=\"wp-block-column animated slideInLeft is-layout-flow wp-block-column-is-layout-flow\">\n<h3 class=\"wp-block-heading\"><\/h3>\n\n\n\n<ul class=\"wp-block-list\">\n<li>po objedn\u00e1n\u00ed na telefonn\u00edm \u010d\u00edsle 604 566 765, pokud telefon nezved\u00e1m, pr\u00e1v\u011b mas\u00edruji, zkuste SMS s kontaktem \u2013 zavol\u00e1m zp\u011bt<\/li>\n\n\n\n<li>po objedn\u00e1n\u00ed na E-mailov\u00e9 adrese&nbsp;<a href=\"mailto:jira.kalinova@seznam.cz\" target=\"_blank\" rel=\"noreferrer noopener\">jira.kalinova@seznam.cz<\/a><\/li>\n\n\n\n<li>vyu\u017eijte objedn\u00e1vkov\u00fd formul\u00e1\u0159<\/li>\n<\/ul>\n<\/div>\n\n\n\n<div class=\"wp-block-column animated slideInRight is-layout-flow wp-block-column-is-layout-flow\"><div class=\"wp-block-image\">\n<figure class=\"aligncenter size-full\"><img loading=\"lazy\" decoding=\"async\" width=\"960\" height=\"480\" src=\"http:\/\/masaze-jira.cz\/wp-content\/uploads\/2023\/05\/Upscale-Body-Rub-960x480-1.jpg\" alt=\"\" class=\"wp-image-594\" srcset=\"https:\/\/masaze-jira.cz\/wp-content\/uploads\/2023\/05\/Upscale-Body-Rub-960x480-1.jpg 960w, https:\/\/masaze-jira.cz\/wp-content\/uploads\/2023\/05\/Upscale-Body-Rub-960x480-1-300x150.jpg 300w, https:\/\/masaze-jira.cz\/wp-content\/uploads\/2023\/05\/Upscale-Body-Rub-960x480-1-768x384.jpg 768w\" sizes=\"auto, (max-width: 960px) 100vw, 960px\" \/><\/figure>\n<\/div><\/div>\n<\/div>\n\n\n\n<div class=\"wp-block-columns is-layout-flex wp-container-core-columns-is-layout-9d6595d7 wp-block-columns-is-layout-flex\">\n<div class=\"wp-block-column is-vertically-aligned-center animated slideInLeft is-layout-flow wp-block-column-is-layout-flow\">\n<figure class=\"wp-block-image size-large\"><img loading=\"lazy\" decoding=\"async\" width=\"1024\" height=\"683\" src=\"http:\/\/masaze-jira.cz\/wp-content\/uploads\/2023\/05\/EyR5rwNWQAItwi3-1024x683.jpg\" alt=\"\" class=\"wp-image-605\" srcset=\"https:\/\/masaze-jira.cz\/wp-content\/uploads\/2023\/05\/EyR5rwNWQAItwi3-1024x683.jpg 1024w, https:\/\/masaze-jira.cz\/wp-content\/uploads\/2023\/05\/EyR5rwNWQAItwi3-300x200.jpg 300w, https:\/\/masaze-jira.cz\/wp-content\/uploads\/2023\/05\/EyR5rwNWQAItwi3-768x512.jpg 768w, https:\/\/masaze-jira.cz\/wp-content\/uploads\/2023\/05\/EyR5rwNWQAItwi3-1536x1024.jpg 1536w, https:\/\/masaze-jira.cz\/wp-content\/uploads\/2023\/05\/EyR5rwNWQAItwi3-2048x1366.jpg 2048w, https:\/\/masaze-jira.cz\/wp-content\/uploads\/2023\/05\/EyR5rwNWQAItwi3-930x620.jpg 930w\" sizes=\"auto, (max-width: 1024px) 100vw, 1024px\" \/><\/figure>\n<\/div>\n\n\n\n<div class=\"wp-block-column animated slideInRight is-layout-flow wp-block-column-is-layout-flow\">\n<h3 class=\"wp-block-heading\">dle Va\u0161ich pot\u0159eb<\/h3>\n\n\n\n<ul class=\"wp-block-list\">\n<li>p\u0159i prvn\u00ed n\u00e1v\u0161t\u011bv\u011b spole\u010dn\u011b ur\u010d\u00edme, zda je t\u0159eba zam\u011b\u0159it se na konkr\u00e9tn\u00ed partie<\/li>\n<\/ul>\n\n\n\n<h3 class=\"wp-block-heading\">s kompletn\u00edm vybaven\u00edm<\/h3>\n\n\n\n<ul class=\"wp-block-list\">\n<li>mas\u00e1\u017en\u00ed leh\u00e1tko<\/li>\n\n\n\n<li>p\u0159ikr\u00fdvky na leh\u00e1tko<\/li>\n\n\n\n<li>p\u0159ikr\u00fdvky a ru\u010dn\u00edky pro V\u00e1s<\/li>\n\n\n\n<li>mas\u00e1\u017en\u00ed oleje<\/li>\n<\/ul>\n<\/div>\n<\/div>\n\n\n\n<div class=\"wp-block-columns is-layout-flex wp-container-core-columns-is-layout-9d6595d7 wp-block-columns-is-layout-flex\">\n<div class=\"wp-block-column is-vertically-aligned-center animated slideInLeft is-layout-flow wp-block-column-is-layout-flow\">\n<h3 class=\"wp-block-heading\">na zdrav\u00fdch jedinc\u00edch<\/h3>\n\n\n\n<ul class=\"wp-block-list\">\n<li>ke zlep\u0161en\u00ed v\u00fdkonu<\/li>\n\n\n\n<li>p\u0159i sportov\u00e1n\u00ed<\/li>\n\n\n\n<li>p\u0159i n\u011bkter\u00fdch omezen\u00edch pohybov\u00e9ho apar\u00e1tu<\/li>\n\n\n\n<li>po n\u011bkter\u00fdch \u00farazech a operac\u00edch \u2013 urychl\u00ed hojen\u00ed&nbsp;<\/li>\n\n\n\n<li>p\u0159i uvoln\u011bn\u00ed jizev<\/li>\n\n\n\n<li>p\u0159i vadn\u00e9m dr\u017een\u00ed t\u011bla<\/li>\n\n\n\n<li>p\u0159i z\u00e1cp\u011b \u2013 ne chronick\u00e9<\/li>\n\n\n\n<li>pro uvoln\u011bn\u00ed<\/li>\n\n\n\n<li>pro celkovou regeneraci organismu<\/li>\n<\/ul>\n<\/div>\n\n\n\n<div class=\"wp-block-column is-vertically-aligned-center animated slideInRight is-layout-flow wp-block-column-is-layout-flow\">\n<figure class=\"wp-block-image size-full\"><img loading=\"lazy\" decoding=\"async\" width=\"1024\" height=\"1024\" src=\"http:\/\/masaze-jira.cz\/wp-content\/uploads\/2023\/05\/0_3-1.png\" alt=\"\" class=\"wp-image-609\" srcset=\"https:\/\/masaze-jira.cz\/wp-content\/uploads\/2023\/05\/0_3-1.png 1024w, https:\/\/masaze-jira.cz\/wp-content\/uploads\/2023\/05\/0_3-1-300x300.png 300w, https:\/\/masaze-jira.cz\/wp-content\/uploads\/2023\/05\/0_3-1-150x150.png 150w, https:\/\/masaze-jira.cz\/wp-content\/uploads\/2023\/05\/0_3-1-768x768.png 768w\" sizes=\"auto, (max-width: 1024px) 100vw, 1024px\" \/><\/figure>\n<\/div>\n<\/div>\n\n\n\n<div class=\"wp-block-columns is-layout-flex wp-container-core-columns-is-layout-9d6595d7 wp-block-columns-is-layout-flex\">\n<div class=\"wp-block-column is-vertically-aligned-center animated slideInLeft is-layout-flow wp-block-column-is-layout-flow\">\n<figure class=\"wp-block-image size-full\"><img loading=\"lazy\" decoding=\"async\" width=\"1024\" height=\"1024\" src=\"http:\/\/masaze-jira.cz\/wp-content\/uploads\/2023\/05\/0_2.png\" alt=\"\" class=\"wp-image-615\" srcset=\"https:\/\/masaze-jira.cz\/wp-content\/uploads\/2023\/05\/0_2.png 1024w, https:\/\/masaze-jira.cz\/wp-content\/uploads\/2023\/05\/0_2-300x300.png 300w, https:\/\/masaze-jira.cz\/wp-content\/uploads\/2023\/05\/0_2-150x150.png 150w, https:\/\/masaze-jira.cz\/wp-content\/uploads\/2023\/05\/0_2-768x768.png 768w\" sizes=\"auto, (max-width: 1024px) 100vw, 1024px\" \/><\/figure>\n<\/div>\n\n\n\n<div class=\"wp-block-column is-vertically-aligned-center animated slideInRight is-layout-flow wp-block-column-is-layout-flow\">\n<h3 class=\"wp-block-heading\">pokud nem\u00e1te kontraindikace<\/h3>\n\n\n\n<ul class=\"wp-block-list\">\n<li>onkologick\u00e1 onemocn\u011bn\u00ed<\/li>\n\n\n\n<li>onemocn\u011bn\u00ed srdce, ledvin, epilepsie<\/li>\n\n\n\n<li>hnisav\u00e1 ko\u017en\u00ed onemocn\u011bn\u00ed, otev\u0159en\u00e9 r\u00e1ny, ekz\u00e9my, dermatitidy, malign\u00ed melanom k\u016f\u017ee<\/li>\n\n\n\n<li>vysok\u00fd krevn\u00ed tlak nel\u00e9\u010den\u00fd<\/li>\n\n\n\n<li>z\u00e1n\u011bty \u2013 kloub\u016f, dutiny b\u0159i\u0161n\u00ed, ledvin, mo\u010dov\u00fdch cest, vaje\u010dn\u00edk\u016f, \u017elu\u010dn\u00edku<\/li>\n\n\n\n<li>ateroskler\u00f3za a osteopor\u00f3za<\/li>\n\n\n\n<li>poruchy krv\u00e1civosti a p\u0159i u\u017e\u00edv\u00e1n\u00ed l\u00e9k\u016f na sr\u00e1\u017elivost krve<\/li>\n\n\n\n<li>tromboembolick\u00e9 onemocn\u011bn\u00ed<\/li>\n\n\n\n<li>v pr\u016fb\u011bhu antibiotick\u00e9 l\u00e9\u010dby a t\u0159i t\u00fddny po dobr\u00e1n\u00ed antibiotik<\/li>\n\n\n\n<li>k\u0159e\u010dov\u00e9 \u017e\u00edly, tromb\u00f3za a z\u00e1n\u011bty \u017eil<\/li>\n\n\n\n<li>hore\u010dnat\u00e9 stavy<\/li>\n\n\n\n<li>infek\u010dn\u00ed onemocn\u011bn\u00ed<\/li>\n\n\n\n<li>menstruace<\/li>\n\n\n\n<li>nemoci dutiny b\u0159i\u0161n\u00ed (pr\u016fjmy s krv\u00e1cen\u00edm do stolice)<\/li>\n\n\n\n<li>t\u011bhotn\u00e9 \u017eeny v prvn\u00edch 3 m\u011bs\u00edc\u00edch a 6\u20138 t\u00fddn\u016f po porodu<\/li>\n<\/ul>\n<\/div>\n<\/div>\n\n\n\n<div class=\"wp-block-group animated slideInUp is-vertical is-content-justification-center is-layout-flex wp-container-core-group-is-layout-4b2eccd6 wp-block-group-is-layout-flex\">\n<h3 class=\"wp-block-heading\">co od V\u00e1s pot\u0159ebuji v p\u0159\u00edpad\u011b, \u017ee pojedu k v\u00e1m<\/h3>\n\n\n\n<ul class=\"wp-block-list\">\n<li>prostor pro mas\u00e1\u017en\u00ed leh\u00e1tko (d\u00e9lka 214 cm, \u0161\u00ed\u0159ka 71 cm) a kolem p\u016fl metru ze v\u0161ech stran<\/li>\n\n\n\n<li>p\u0159\u00edstup k tepl\u00e9 vod\u011b<\/li>\n\n\n\n<li>m\u00edsto na p\u0159evle\u010den\u00ed<\/li>\n\n\n\n<li>dobrou n\u00e1ladu a \u00fasm\u011bv na tv\u00e1\u0159i<\/li>\n<\/ul>\n<\/div>\n","protected":false},"excerpt":{"rendered":"<p>Mas\u00e1\u017e,\u00a0kterou provedu dle Va\u0161ich pot\u0159eb s kompletn\u00edm vybaven\u00edm na zdrav\u00fdch jedinc\u00edch pokud nem\u00e1te kontraindikace co od V\u00e1s pot\u0159ebuji v p\u0159\u00edpad\u011b, \u017ee pojedu k v\u00e1m<\/p>\n","protected":false},"author":1,"featured_media":0,"parent":0,"menu_order":0,"comment_status":"closed","ping_status":"closed","template":"","meta":{"neve_meta_sidebar":"","neve_meta_container":"","neve_meta_enable_content_width":"","neve_meta_content_width":0,"neve_meta_title_alignment":"","neve_meta_author_avatar":"","neve_post_elements_order":"","neve_meta_disable_header":"","neve_meta_disable_footer":"","neve_meta_disable_title":"","_themeisle_gutenberg_block_has_review":false,"_ti_tpc_template_sync":false,"_ti_tpc_template_id":"","footnotes":""},"class_list":["post-47","page","type-page","status-publish","hentry"],"_links":{"self":[{"href":"https:\/\/masaze-jira.cz\/index.php?rest_route=\/wp\/v2\/pages\/47","targetHints":{"allow":["GET"]}}],"collection":[{"href":"https:\/\/masaze-jira.cz\/index.php?rest_route=\/wp\/v2\/pages"}],"about":[{"href":"https:\/\/masaze-jira.cz\/index.php?rest_route=\/wp\/v2\/types\/page"}],"author":[{"embeddable":true,"href":"https:\/\/masaze-jira.cz\/index.php?rest_route=\/wp\/v2\/users\/1"}],"replies":[{"embeddable":true,"href":"https:\/\/masaze-jira.cz\/index.php?rest_route=%2Fwp%2Fv2%2Fcomments&post=47"}],"version-history":[{"count":20,"href":"https:\/\/masaze-jira.cz\/index.php?rest_route=\/wp\/v2\/pages\/47\/revisions"}],"predecessor-version":[{"id":835,"href":"https:\/\/masaze-jira.cz\/index.php?rest_route=\/wp\/v2\/pages\/47\/revisions\/835"}],"wp:attachment":[{"href":"https:\/\/masaze-jira.cz\/index.php?rest_route=%2Fwp%2Fv2%2Fmedia&parent=47"}],"curies":[{"name":"wp","href":"https:\/\/api.w.org\/{rel}","templated":true}]}}