{"id":771,"date":"2023-10-03T08:03:42","date_gmt":"2023-10-03T06:03:42","guid":{"rendered":"http:\/\/masaze-jira.cz\/?page_id=771"},"modified":"2023-10-03T08:06:21","modified_gmt":"2023-10-03T06:06:21","slug":"akce","status":"publish","type":"page","link":"https:\/\/masaze-jira.cz\/?page_id=771","title":{"rendered":"Akce"},"content":{"rendered":"\n<div class=\"wp-block-columns is-layout-flex wp-container-core-columns-is-layout-9d6595d7 wp-block-columns-is-layout-flex\">\n<div class=\"wp-block-column is-layout-flow wp-block-column-is-layout-flow\">\n<h2 class=\"wp-block-heading has-text-align-center\">d\u00e1rkov\u00fd poukaz<\/h2>\n\n\n\n<figure class=\"wp-block-image size-full animated slideInLeft\"><img loading=\"lazy\" decoding=\"async\" width=\"945\" height=\"709\" src=\"http:\/\/masaze-jira.cz\/wp-content\/uploads\/2023\/10\/image-2.png\" alt=\"\" class=\"wp-image-774\" srcset=\"https:\/\/masaze-jira.cz\/wp-content\/uploads\/2023\/10\/image-2.png 945w, https:\/\/masaze-jira.cz\/wp-content\/uploads\/2023\/10\/image-2-300x225.png 300w, https:\/\/masaze-jira.cz\/wp-content\/uploads\/2023\/10\/image-2-768x576.png 768w\" sizes=\"auto, (max-width: 945px) 100vw, 945px\" \/><\/figure>\n\n\n\n<p>Ud\u011blejte radost sv\u00fdm bl\u00edzk\u00fdm nev\u0161edn\u00edm d\u00e1rkem t\u0159eba pod strome\u010dek, k&nbsp;narozenin\u00e1m, nebo jen tak, proto\u017ee v\u00edte, \u017ee je to pot\u0159eba\u2026<\/p>\n<\/div>\n\n\n\n<div class=\"wp-block-column is-layout-flow wp-block-column-is-layout-flow\">\n<h2 class=\"wp-block-heading has-text-align-center\">firmy<\/h2>\n\n\n\n<figure class=\"wp-block-image size-full animated slideInUp\"><img loading=\"lazy\" decoding=\"async\" width=\"945\" height=\"709\" src=\"http:\/\/masaze-jira.cz\/wp-content\/uploads\/2023\/10\/image-1.png\" alt=\"\" class=\"wp-image-773\" srcset=\"https:\/\/masaze-jira.cz\/wp-content\/uploads\/2023\/10\/image-1.png 945w, https:\/\/masaze-jira.cz\/wp-content\/uploads\/2023\/10\/image-1-300x225.png 300w, https:\/\/masaze-jira.cz\/wp-content\/uploads\/2023\/10\/image-1-768x576.png 768w\" sizes=\"auto, (max-width: 945px) 100vw, 945px\" \/><\/figure>\n\n\n\n<p>Dop\u0159ejte sv\u00fdm zam\u011bstnanc\u016fm i sob\u011b relaxaci a uvoln\u011bn\u00ed v&nbsp;r\u00e1mci pracovn\u00edho nasazen\u00ed, dos\u00e1hnete t\u00edm zkvalitn\u011bn\u00ed v\u00fdkonu i zm\u00edrn\u011bn\u00ed nap\u011bt\u00ed a stresu.<\/p>\n\n\n\n<p>Za\u010dle\u0148te mas\u00e1\u017ee do benefi\u010dn\u00edho programu.<\/p>\n\n\n\n<p>Poskytn\u011bte mas\u00e1\u017e\u00ed pod\u011bkov\u00e1n\u00ed \u010di odm\u011bnu za dob\u0159e odvedenou pr\u00e1ci.<\/p>\n<\/div>\n\n\n\n<div class=\"wp-block-column is-layout-flow wp-block-column-is-layout-flow\">\n<h2 class=\"wp-block-heading has-text-align-center\">permanentka<\/h2>\n\n\n\n<figure class=\"wp-block-image size-full animated slideInRight\"><img loading=\"lazy\" decoding=\"async\" width=\"906\" height=\"595\" src=\"http:\/\/masaze-jira.cz\/wp-content\/uploads\/2023\/10\/image.png\" alt=\"\" class=\"wp-image-772\" srcset=\"https:\/\/masaze-jira.cz\/wp-content\/uploads\/2023\/10\/image.png 906w, https:\/\/masaze-jira.cz\/wp-content\/uploads\/2023\/10\/image-300x197.png 300w, https:\/\/masaze-jira.cz\/wp-content\/uploads\/2023\/10\/image-768x504.png 768w\" sizes=\"auto, (max-width: 906px) 100vw, 906px\" \/><\/figure>\n\n\n\n<p>Po\u0159i\u010fte si permanentku a z\u00edskejte po ka\u017ed\u00fdch 60 minut\u00e1ch 10 minut zdarma a bez \u00fahrady dopravy.<\/p>\n<\/div>\n<\/div>\n\n\n\n<p><\/p>\n","protected":false},"excerpt":{"rendered":"<p>d\u00e1rkov\u00fd poukaz Ud\u011blejte radost sv\u00fdm bl\u00edzk\u00fdm nev\u0161edn\u00edm d\u00e1rkem t\u0159eba pod strome\u010dek, k&nbsp;narozenin\u00e1m, nebo jen tak, proto\u017ee v\u00edte, \u017ee je to pot\u0159eba\u2026 firmy Dop\u0159ejte sv\u00fdm zam\u011bstnanc\u016fm i sob\u011b relaxaci a uvoln\u011bn\u00ed v&nbsp;r\u00e1mci pracovn\u00edho nasazen\u00ed, dos\u00e1hnete t\u00edm zkvalitn\u011bn\u00ed v\u00fdkonu i zm\u00edrn\u011bn\u00ed nap\u011bt\u00ed a stresu. Za\u010dle\u0148te mas\u00e1\u017ee do benefi\u010dn\u00edho programu. Poskytn\u011bte mas\u00e1\u017e\u00ed pod\u011bkov\u00e1n\u00ed \u010di odm\u011bnu za dob\u0159e odvedenou&hellip;&nbsp;<a href=\"https:\/\/masaze-jira.cz\/?page_id=771\" class=\"\" rel=\"bookmark\">Read More &raquo;<span class=\"screen-reader-text\">Akce<\/span><\/a><\/p>\n","protected":false},"author":2,"featured_media":0,"parent":0,"menu_order":0,"comment_status":"closed","ping_status":"closed","template":"","meta":{"neve_meta_sidebar":"","neve_meta_container":"","neve_meta_enable_content_width":"","neve_meta_content_width":0,"neve_meta_title_alignment":"","neve_meta_author_avatar":"","neve_post_elements_order":"","neve_meta_disable_header":"","neve_meta_disable_footer":"","neve_meta_disable_title":"","_themeisle_gutenberg_block_has_review":false,"_ti_tpc_template_sync":false,"_ti_tpc_template_id":"","footnotes":""},"class_list":["post-771","page","type-page","status-publish","hentry"],"_links":{"self":[{"href":"https:\/\/masaze-jira.cz\/index.php?rest_route=\/wp\/v2\/pages\/771","targetHints":{"allow":["GET"]}}],"collection":[{"href":"https:\/\/masaze-jira.cz\/index.php?rest_route=\/wp\/v2\/pages"}],"about":[{"href":"https:\/\/masaze-jira.cz\/index.php?rest_route=\/wp\/v2\/types\/page"}],"author":[{"embeddable":true,"href":"https:\/\/masaze-jira.cz\/index.php?rest_route=\/wp\/v2\/users\/2"}],"replies":[{"embeddable":true,"href":"https:\/\/masaze-jira.cz\/index.php?rest_route=%2Fwp%2Fv2%2Fcomments&post=771"}],"version-history":[{"count":2,"href":"https:\/\/masaze-jira.cz\/index.php?rest_route=\/wp\/v2\/pages\/771\/revisions"}],"predecessor-version":[{"id":778,"href":"https:\/\/masaze-jira.cz\/index.php?rest_route=\/wp\/v2\/pages\/771\/revisions\/778"}],"wp:attachment":[{"href":"https:\/\/masaze-jira.cz\/index.php?rest_route=%2Fwp%2Fv2%2Fmedia&parent=771"}],"curies":[{"name":"wp","href":"https:\/\/api.w.org\/{rel}","templated":true}]}}